{"id":11,"date":"2015-06-03T14:01:12","date_gmt":"2015-06-03T13:01:12","guid":{"rendered":"http:\/\/www.gite-pyrenees-st-jacques.com\/fr\/?page_id=11"},"modified":"2024-10-07T17:08:22","modified_gmt":"2024-10-07T16:08:22","slug":"tarifs-des-gites","status":"publish","type":"page","link":"https:\/\/www.gite-pyrenees-st-jacques.com\/fr\/tarifs-des-gites\/","title":{"rendered":"Tarifs des gites et disponibilit\u00e9s"},"content":{"rendered":"<p><strong>Prix de la semaine en euros, charges non comprises <\/strong><em>(voir en bas de pages)<\/em><strong>.<\/strong><br \/>\nContrat G\u00eete de France envoy\u00e9 par mail ou par voie postale (selon demande du vacancier).<\/p>\n<h2 id=\"tablepress-4-name\" class=\"tablepress-table-name tablepress-table-name-id-4\">tarifs des gites<\/h2>\n\n<table id=\"tablepress-4\" class=\"tablepress tablepress-id-4\" aria-labelledby=\"tablepress-4-name\" aria-describedby=\"tablepress-4-description\">\n<thead>\n<tr class=\"row-1 odd\">\n\t<th class=\"column-1\">Tarifs des g\u00eetes 2025<\/th><th class=\"column-2\"><a title=\"G\u00eete Or\u00e9don\" href=\"http:\/\/www.gite-pyrenees-st-jacques.com\/fr\/location-gite-proche-saint-lary\/\">G\u00eete Or\u00e9don<\/a><\/th><th class=\"column-3\"><a title=\"G\u00eete le Bastan\" href=\"http:\/\/www.gite-pyrenees-st-jacques.com\/fr\/gite-proche-saint-lary\/\">G\u00eete le Bastan<\/a><\/th>\n<\/tr>\n<\/thead>\n<tbody class=\"row-hover\">\n<tr class=\"row-2 even\">\n\t<td class=\"column-1\">Variables selon saisons<br \/>\n<\/td><td class=\"column-2\"> De 230 \u20ac \u00e0 550 \u20ac par semaine<\/td><td class=\"column-3\">De 280 \u20ac \u00e0 560 \u20ac par semaine<\/td>\n<\/tr>\n<\/tbody>\n<\/table>\n<span id=\"tablepress-4-description\" class=\"tablepress-table-description tablepress-table-description-id-4\">tarifs des gites<\/span>\n<!-- #tablepress-4 from cache -->\n<p><strong>Disponibilit\u00e9s :<\/strong><\/p>\n<p style=\"text-align: center;\"><a href=\"#\" class=\"su-button su-button-style-glass\" style=\"color:#FFFFFF;background-color:#FF7F01;border-color:#cc6601;border-radius:5px;-moz-border-radius:5px;-webkit-border-radius:5px\" target=\"_self\"><span style=\"color:#FFFFFF;padding:0px 16px;font-size:13px;line-height:26px;border-color:#ffa64e;border-radius:5px;-moz-border-radius:5px;-webkit-border-radius:5px;text-shadow:1px 1px 1px #000000;-moz-text-shadow:1px 1px 1px #000000;-webkit-text-shadow:1px 1px 1px #000000\"> G\u00eete Or\u00e9don :<\/span><\/a>\n<iframe loading=\"lazy\" src=\"http:\/\/widget.itea.fr\/widget_itea_dispo.html?key=17af3019e29c32ab1c8304966aa851c4&amp;numgite=65G070011&amp;nbmois=2\" width=\"435\" height=\"160\" frameborder=\"0\"><\/iframe><\/p>\n<p style=\"text-align: center;\"><a href=\"#\" class=\"su-button su-button-style-glass\" style=\"color:#FFFFFF;background-color:#FF7F01;border-color:#cc6601;border-radius:5px;-moz-border-radius:5px;-webkit-border-radius:5px\" target=\"_self\"><span style=\"color:#FFFFFF;padding:0px 16px;font-size:13px;line-height:26px;border-color:#ffa64e;border-radius:5px;-moz-border-radius:5px;-webkit-border-radius:5px;text-shadow:1px 1px 1px #000000;-moz-text-shadow:1px 1px 1px #000000;-webkit-text-shadow:1px 1px 1px #000000\"> G\u00eete le Bastan :<\/span><\/a>\n<iframe loading=\"lazy\" src=\"http:\/\/widget.itea.fr\/widget_itea_dispo.html?key=17af3019e29c32ab1c8304966aa851c4&amp;numgite=65G044211&amp;nbmois=2\" width=\"435\" height=\"160\" frameborder=\"0\"><\/iframe><\/p>\n<p style=\"text-align: justify;\"><small><strong>Conditions de location :<\/strong><\/small><br \/>\n<small> 25 % d\u2019acompte \u00e0 la signature du contrat. Solde payable \u00e0 l\u2019arriv\u00e9e. Animaux non admis<\/small><br \/>\n<small> Arriv\u00e9e le samedi \u00e0 partir de 16 heures. D\u00e9part le samedi avant 10 heures.<\/small> <small>Ch\u00e8ques Vacances accept\u00e9s.<\/small><\/p>\n<p><small><strong>Charges non comprises :<\/strong><\/small><br \/>\n<small> G\u00eete Or\u00e9don : Forfait chauffage central 44 \u20ac\/sem, \u00e9lectricit\u00e9 tarif EDF, taxe de s\u00e9jour.<\/small><br \/>\n<small> G\u00eete Le Bastan : \u00e9lectricit\u00e9 tarif EDF, bois de chauffage sur demande, taxe de s\u00e9jour.<\/small><\/p>\n<p style=\"text-align: justify;\"><small><em><strong>Sur demande : <\/strong><\/em>Nettoyage fin de s\u00e9jour, location de draps, de linge de toilette et de maison, (mise \u00e0 disposition gracieuse d&rsquo;un lit parapluie et d&rsquo;une chaise b\u00e9b\u00e9).<\/small><\/p>\n","protected":false},"excerpt":{"rendered":"<p>Prix de la semaine en euros, charges non comprises (voir en bas de pages). Contrat G\u00eete de France envoy\u00e9 par mail ou par voie postale (selon demande du vacancier). Disponibilit\u00e9s : Conditions de location : 25 % d\u2019acompte \u00e0 la signature du contrat. Solde payable \u00e0 l\u2019arriv\u00e9e. Animaux non admis Arriv\u00e9e le samedi \u00e0 partir [&hellip;]<\/p>\n","protected":false},"author":1,"featured_media":0,"parent":0,"menu_order":4,"comment_status":"closed","ping_status":"closed","template":"","meta":[],"yoast_head":"<!-- This site is optimized with the Yoast SEO plugin v19.8 - https:\/\/yoast.com\/wordpress\/plugins\/seo\/ -->\n<title>Tarifs des gites et disponibilit\u00e9s - G\u00eetes Pyr\u00e9n\u00e9es Saint-Jacques<\/title>\n<meta name=\"robots\" content=\"index, follow, max-snippet:-1, max-image-preview:large, max-video-preview:-1\" \/>\n<link rel=\"canonical\" href=\"https:\/\/www.gite-pyrenees-st-jacques.com\/fr\/tarifs-des-gites\/\" \/>\n<meta property=\"og:locale\" content=\"fr_FR\" \/>\n<meta property=\"og:type\" content=\"article\" \/>\n<meta property=\"og:title\" content=\"Tarifs des gites et disponibilit\u00e9s - G\u00eetes Pyr\u00e9n\u00e9es Saint-Jacques\" \/>\n<meta property=\"og:description\" content=\"Prix de la semaine en euros, charges non comprises (voir en bas de pages). Contrat G\u00eete de France envoy\u00e9 par mail ou par voie postale (selon demande du vacancier). Disponibilit\u00e9s : Conditions de location : 25 % d\u2019acompte \u00e0 la signature du contrat. Solde payable \u00e0 l\u2019arriv\u00e9e. Animaux non admis Arriv\u00e9e le samedi \u00e0 partir [&hellip;]\" \/>\n<meta property=\"og:url\" content=\"https:\/\/www.gite-pyrenees-st-jacques.com\/fr\/tarifs-des-gites\/\" \/>\n<meta property=\"og:site_name\" content=\"G\u00eetes Pyr\u00e9n\u00e9es Saint-Jacques\" \/>\n<meta property=\"article:modified_time\" content=\"2024-10-07T16:08:22+00:00\" \/>\n<meta name=\"twitter:card\" content=\"summary_large_image\" \/>\n<meta name=\"twitter:label1\" content=\"Dur\u00e9e de lecture estim\u00e9e\" \/>\n\t<meta name=\"twitter:data1\" content=\"1 minute\" \/>\n<script type=\"application\/ld+json\" class=\"yoast-schema-graph\">{\"@context\":\"https:\/\/schema.org\",\"@graph\":[{\"@type\":\"WebPage\",\"@id\":\"https:\/\/www.gite-pyrenees-st-jacques.com\/fr\/tarifs-des-gites\/\",\"url\":\"https:\/\/www.gite-pyrenees-st-jacques.com\/fr\/tarifs-des-gites\/\",\"name\":\"Tarifs des gites et disponibilit\u00e9s - G\u00eetes Pyr\u00e9n\u00e9es Saint-Jacques\",\"isPartOf\":{\"@id\":\"https:\/\/www.gite-pyrenees-st-jacques.com\/fr\/#website\"},\"datePublished\":\"2015-06-03T13:01:12+00:00\",\"dateModified\":\"2024-10-07T16:08:22+00:00\",\"breadcrumb\":{\"@id\":\"https:\/\/www.gite-pyrenees-st-jacques.com\/fr\/tarifs-des-gites\/#breadcrumb\"},\"inLanguage\":\"fr-FR\",\"potentialAction\":[{\"@type\":\"ReadAction\",\"target\":[\"https:\/\/www.gite-pyrenees-st-jacques.com\/fr\/tarifs-des-gites\/\"]}]},{\"@type\":\"BreadcrumbList\",\"@id\":\"https:\/\/www.gite-pyrenees-st-jacques.com\/fr\/tarifs-des-gites\/#breadcrumb\",\"itemListElement\":[{\"@type\":\"ListItem\",\"position\":1,\"name\":\"Accueil\",\"item\":\"https:\/\/www.gite-pyrenees-st-jacques.com\/fr\/\"},{\"@type\":\"ListItem\",\"position\":2,\"name\":\"Tarifs des gites et disponibilit\u00e9s\"}]},{\"@type\":\"WebSite\",\"@id\":\"https:\/\/www.gite-pyrenees-st-jacques.com\/fr\/#website\",\"url\":\"https:\/\/www.gite-pyrenees-st-jacques.com\/fr\/\",\"name\":\"G\u00eetes Pyr\u00e9n\u00e9es Saint-Jacques\",\"description\":\"\",\"potentialAction\":[{\"@type\":\"SearchAction\",\"target\":{\"@type\":\"EntryPoint\",\"urlTemplate\":\"https:\/\/www.gite-pyrenees-st-jacques.com\/fr\/?s={search_term_string}\"},\"query-input\":\"required name=search_term_string\"}],\"inLanguage\":\"fr-FR\"}]}<\/script>\n<!-- \/ Yoast SEO plugin. -->","yoast_head_json":{"title":"Tarifs des gites et disponibilit\u00e9s - G\u00eetes Pyr\u00e9n\u00e9es Saint-Jacques","robots":{"index":"index","follow":"follow","max-snippet":"max-snippet:-1","max-image-preview":"max-image-preview:large","max-video-preview":"max-video-preview:-1"},"canonical":"https:\/\/www.gite-pyrenees-st-jacques.com\/fr\/tarifs-des-gites\/","og_locale":"fr_FR","og_type":"article","og_title":"Tarifs des gites et disponibilit\u00e9s - G\u00eetes Pyr\u00e9n\u00e9es Saint-Jacques","og_description":"Prix de la semaine en euros, charges non comprises (voir en bas de pages). Contrat G\u00eete de France envoy\u00e9 par mail ou par voie postale (selon demande du vacancier). Disponibilit\u00e9s : Conditions de location : 25 % d\u2019acompte \u00e0 la signature du contrat. Solde payable \u00e0 l\u2019arriv\u00e9e. Animaux non admis Arriv\u00e9e le samedi \u00e0 partir [&hellip;]","og_url":"https:\/\/www.gite-pyrenees-st-jacques.com\/fr\/tarifs-des-gites\/","og_site_name":"G\u00eetes Pyr\u00e9n\u00e9es Saint-Jacques","article_modified_time":"2024-10-07T16:08:22+00:00","twitter_card":"summary_large_image","twitter_misc":{"Dur\u00e9e de lecture estim\u00e9e":"1 minute"},"schema":{"@context":"https:\/\/schema.org","@graph":[{"@type":"WebPage","@id":"https:\/\/www.gite-pyrenees-st-jacques.com\/fr\/tarifs-des-gites\/","url":"https:\/\/www.gite-pyrenees-st-jacques.com\/fr\/tarifs-des-gites\/","name":"Tarifs des gites et disponibilit\u00e9s - G\u00eetes Pyr\u00e9n\u00e9es Saint-Jacques","isPartOf":{"@id":"https:\/\/www.gite-pyrenees-st-jacques.com\/fr\/#website"},"datePublished":"2015-06-03T13:01:12+00:00","dateModified":"2024-10-07T16:08:22+00:00","breadcrumb":{"@id":"https:\/\/www.gite-pyrenees-st-jacques.com\/fr\/tarifs-des-gites\/#breadcrumb"},"inLanguage":"fr-FR","potentialAction":[{"@type":"ReadAction","target":["https:\/\/www.gite-pyrenees-st-jacques.com\/fr\/tarifs-des-gites\/"]}]},{"@type":"BreadcrumbList","@id":"https:\/\/www.gite-pyrenees-st-jacques.com\/fr\/tarifs-des-gites\/#breadcrumb","itemListElement":[{"@type":"ListItem","position":1,"name":"Accueil","item":"https:\/\/www.gite-pyrenees-st-jacques.com\/fr\/"},{"@type":"ListItem","position":2,"name":"Tarifs des gites et disponibilit\u00e9s"}]},{"@type":"WebSite","@id":"https:\/\/www.gite-pyrenees-st-jacques.com\/fr\/#website","url":"https:\/\/www.gite-pyrenees-st-jacques.com\/fr\/","name":"G\u00eetes Pyr\u00e9n\u00e9es Saint-Jacques","description":"","potentialAction":[{"@type":"SearchAction","target":{"@type":"EntryPoint","urlTemplate":"https:\/\/www.gite-pyrenees-st-jacques.com\/fr\/?s={search_term_string}"},"query-input":"required name=search_term_string"}],"inLanguage":"fr-FR"}]}},"_links":{"self":[{"href":"https:\/\/www.gite-pyrenees-st-jacques.com\/fr\/wp-json\/wp\/v2\/pages\/11"}],"collection":[{"href":"https:\/\/www.gite-pyrenees-st-jacques.com\/fr\/wp-json\/wp\/v2\/pages"}],"about":[{"href":"https:\/\/www.gite-pyrenees-st-jacques.com\/fr\/wp-json\/wp\/v2\/types\/page"}],"author":[{"embeddable":true,"href":"https:\/\/www.gite-pyrenees-st-jacques.com\/fr\/wp-json\/wp\/v2\/users\/1"}],"replies":[{"embeddable":true,"href":"https:\/\/www.gite-pyrenees-st-jacques.com\/fr\/wp-json\/wp\/v2\/comments?post=11"}],"version-history":[{"count":28,"href":"https:\/\/www.gite-pyrenees-st-jacques.com\/fr\/wp-json\/wp\/v2\/pages\/11\/revisions"}],"predecessor-version":[{"id":475,"href":"https:\/\/www.gite-pyrenees-st-jacques.com\/fr\/wp-json\/wp\/v2\/pages\/11\/revisions\/475"}],"wp:attachment":[{"href":"https:\/\/www.gite-pyrenees-st-jacques.com\/fr\/wp-json\/wp\/v2\/media?parent=11"}],"curies":[{"name":"wp","href":"https:\/\/api.w.org\/{rel}","templated":true}]}}