{"id":15,"date":"2015-06-03T14:01:57","date_gmt":"2015-06-03T13:01:57","guid":{"rendered":"http:\/\/www.gite-pyrenees-st-jacques.com\/fr\/?page_id=15"},"modified":"2020-12-15T10:20:47","modified_gmt":"2020-12-15T09:20:47","slug":"situation-des-gites","status":"publish","type":"page","link":"https:\/\/www.gite-pyrenees-st-jacques.com\/fr\/situation-des-gites\/","title":{"rendered":"Situation des gites \u00e0 Vielle-Aure"},"content":{"rendered":"<p style=\"text-align: justify;\"><strong>Situation des gites ruraux ind\u00e9pendants<\/strong> <strong>labellis\u00e9s <a href=\"http:\/\/www.gites-de-france-65.com\/location-vacances-Gite-a-Vielle-aure-Hautes-Pyrenees-65G070011.html\" target=\"_blank\" rel=\"noopener\">G\u00eetes de France<\/a><\/strong> dans les Hautes-Pyr\u00e9n\u00e9es pour des vacances en famille \u00e9t\u00e9 comme hiver, \u00e0 proximit\u00e9 des stations touristiques r\u00e9put\u00e9es : Saint-Lary Soulan, <a href=\"http:\/\/www.peyragudes.com\/\" target=\"_blank\" rel=\"noopener\">Peyragudes<\/a>, Piau Engaly, Val Louron et des sites de grande renomm\u00e9e : le <a href=\"http:\/\/www.picdumidi.com\" target=\"_blank\" rel=\"noopener\">Pic du Midi<\/a> et son observatoire, accessible toute l&rsquo;ann\u00e9e, les cirques de Gavarnie et de Troumouse, Lourdes et la cit\u00e9 mariale, les cols mythiques du Tourmalet et d&rsquo;Aspin, de Peyresourde recherch\u00e9s par les cyclotouristes de tous les pays &#8230;<\/p>\n<a href=\"#\" class=\"su-button su-button-style-glass\" style=\"color:#FFFFFF;background-color:#FF7F01;border-color:#cc6601;border-radius:5px;-moz-border-radius:5px;-webkit-border-radius:5px\" target=\"_self\"><span style=\"color:#FFFFFF;padding:0px 16px;font-size:13px;line-height:26px;border-color:#ffa64e;border-radius:5px;-moz-border-radius:5px;-webkit-border-radius:5px;text-shadow:1px 1px 1px #000000;-moz-text-shadow:1px 1px 1px #000000;-webkit-text-shadow:1px 1px 1px #000000\"> G\u00eete Or\u00e9don &amp; Gite le Bastan (en face)<\/span><\/a>\n<div class='' id='bmp_contact_' style='position: relative; width:100%; height:400px'>\r\n                                            <img id='bmp_map_fullscreen_icon__1_' onclick='bmp_toggleFullScreen(\"bmp_contact_\")' class='bmp_map_fullscreen_icon_class' style='display: none' src='https:\/\/www.gite-pyrenees-st-jacques.com\/fr\/wp-content\/plugins\/api-bing-map-2018\/images\/icons\/bmp-map-full-screen.png'>\r\n                                          <\/div>\r\n                                        <script type='text\/javascript' src='https:\/\/www.bing.com\/api\/maps\/mapcontrol?key=AvWMjJXzLJw1DLRmi7OpdejXjesjP0TPpJh76lqBruH-UK6nav4Uy2-7FPOOVAiT' async defer ><\/script>\r\n                                        <script type='text\/javascript'> \r\n                                            var bmp_icon_src    = 'https:\/\/www.gite-pyrenees-st-jacques.com\/fr\/wp-content\/plugins\/api-bing-map-2018\/'; \r\n                                            var bmpPinSizes     = JSON.parse('{\"bmp_pin_desktop_width\":250,\"bmp_pin_desktop_height\":170,\"bmp_pin_tablet_width\":210,\"bmp_pin_tablet_height\":130,\"bmp_pin_mobile_width\":140,\"bmp_pin_mobile_height\":100}');  \r\n                                            var bmpFullscreenIconSrc2 = 'https:\/\/www.gite-pyrenees-st-jacques.com\/fr\/wp-content\/plugins\/api-bing-map-2018\/images\/icons\/bmp-map-full-screen2.png';  \r\n                                            var bmpFullscreenIconSrc = 'https:\/\/www.gite-pyrenees-st-jacques.com\/fr\/wp-content\/plugins\/api-bing-map-2018\/images\/icons\/bmp-map-full-screen.png';                                        \r\n                                    \r\n                                            window.addEventListener('load', function(){    \r\n                                                let bmp_map_id__1_        = document.getElementById('bmp_contact_'); \r\n                                                let bmp_map__1_           = JSON.parse( JSON.stringify( {\"id\":\"1\",\"map_title\":\"Contact\",\"map_start_lat\":\"42.83022856182204\",\"map_start_long\":\"0.3269741422593553\",\"map_type\":\"0\",\"map_zoom\":\"16\",\"compact_nav\":\"0\",\"disable_mousewheel\":\"0\",\"disable_zoom\":\"0\",\"map_shortcode\":\"contact\",\"map_width\":\"100\",\"map_height\":\"400\",\"map_width_type\":\"%\",\"map_height_type\":\"px\",\"html_class\":\"\",\"styling_enabled\":\"0\",\"toggle_fullscreen\":\"0\",\"lock_zoom\":\"0\",\"cluster\":\"-1\"} ) );   \r\n                                                let bmp_map_all_pins__1_  = JSON.parse( JSON.stringify( [{\"pin_id\":\"2\",\"map_id\":\"1\",\"pin_active\":\"1\",\"pin_lat\":\"42.830646\",\"pin_long\":\"0.325364\",\"icon\":\"9\",\"icon_link\":\"\",\"pin_title\":\"G\\u00eete Or\\u00e9don\",\"pin_desc\":\"13 rue de l\\\\'\\u00e9glise, 65170 Vielle-Aurebmp_nlT\\u00e9l : 05 62 40 52 68 ou 06 89 96 50 60bmp_nlnmichel.martin@wanadoo.fr\",\"data_json\":\"\",\"pin_image_one\":\"simple\",\"pin_image_two\":\"simple\"},{\"pin_id\":\"3\",\"map_id\":\"1\",\"pin_active\":\"1\",\"pin_lat\":\"42.830881\",\"pin_long\":\"0.32581\",\"icon\":\"7\",\"icon_link\":\"\",\"pin_title\":\"G\\u00eete Bastan\",\"pin_desc\":\"18 rue de l\\\\'\\u00e9glise, 65170 Vielle-Aurebmp_nlT\\u00e9l : 05 62 39 42 33bmp_nlfm65@wanadoo.fr\",\"data_json\":\"\",\"pin_image_one\":\"simple\",\"pin_image_two\":\"simple\"}] ) );  \r\n                                                let bmp_infobox__1_       = null;   \r\n                                                let bmp_map_shapes__1_    = JSON.parse( JSON.stringify( [] ));  \r\n                                                let bmp_extra_params_ = JSON.parse('[]');                                                \r\n                                                 \r\n                                                bmp_loadMapScenario( bmp_map_id__1_, \r\n                                                                    bmp_map_all_pins__1_, \r\n                                                                    bmp_map__1_, \r\n                                                                    bmp_infobox__1_, \r\n                                                                    bmp_map_shapes__1_,\r\n                                                                    bmp_extra_params_ );                                                                                                                                           \r\n                                            });\r\n\r\n                                           \/\/ function bmp_toggle_map_fullscreen_( bmp_map_fullscreen_icon__1_, bmp_contact_ ){\r\n                                                var bmp_map_fullscreen__1_ = document.getElementById('bmp_map_fullscreen_icon__1_');\r\n                                                \r\n                                                bmp_map_fullscreen__1_.addEventListener('click', function(){\r\n                                                    var bmp_map_object  = document.querySelector('#bmp_contact_ .MicrosoftMap');\r\n                                                    var bmp_map_object_class = bmp_map_object.className;\r\n                                                    if( bmp_map_object_class.includes('bmp-admin-map-full-sceen') ){\r\n                                                        bmp_map_object_class = bmp_map_object_class.replace(\/bmp-admin-map-full-sceen\/g,''); \r\n                                                        bmp_map_object.className = bmp_map_object_class;\r\n                                                        this.className = this.className.replace(\/bmp_map_fullsreen_top\/g, '');\r\n                                                    }else{\r\n                                                        bmp_map_object.className = bmp_map_object_class + ' ' +  'bmp-admin-map-full-sceen';\r\n                                                        this.className = this.className + ' ' + 'bmp_map_fullsreen_top';\r\n                                                    }\r\n                                                });\r\n                                        \/\/    }\r\n                                                                                    \r\n                                        <\/script>\r\n                                        \n<h2>Situation des gites :<\/h2>\n<p>Depuis Toulouse : A64 sortie 16 Lannemezan.<br \/>\nDepuis Bordeaux, Bayonne : A64 sortie 16 Lannemezan.<br \/>\nPrendre direction Arreau \/ Saint-Lary \/ Espagne.<br \/>\nAu rond point avant Saint-Lary prendre \u00e0 droite direction Vielle-Aure. Passer le pont sur la Neste et continuer tout droit vers l&rsquo;\u00e9glise.<\/p>\n<p><small><strong>A proximit\u00e9 :<\/strong> <\/small><\/p>\n<p><small> \u25cf La <a href=\"http:\/\/www.reserves-naturelles.org\/neouvielle\" target=\"_blank\" rel=\"noopener\">r\u00e9serve naturelle du N\u00e9ouvielle<\/a> et ses 70 lacs<\/small>,\u00a0<small><a href=\"http:\/\/www.parc-pyrenees.com\/\" target=\"_blank\" rel=\"noopener\">Parc National des Pyr\u00e9n\u00e9es<\/a><\/small><br \/>\n<small> \u25cf Cols mythiques du Tour de France : Tourmalet, Aspin, Peyresourde.<\/small><br \/>\n<small> \u25cf Thermes de Saint-Lary et Sensoria, <a href=\"http:\/\/www.balnea.fr\/\" target=\"_blank\" rel=\"noopener\">Baln\u00e9a<\/a> \u00e0 Loudenvielle<\/small><br \/>\n<small> \u25cf Promenades \u00e0 cheval, P\u00eache \u00e0 la truite.<\/small><br \/>\n<small> \u25cf Maison de L&rsquo;Ours, VTT, piscine, tennis \u00e0 Saint-Lary.<\/small><br \/>\n<small> \u25cf Parc de loisir, for\u00eat suspendue \u00e0 Guchen, parapente \u00e0 Vielle-Aure,<\/small><br \/>\n<small> <\/small><small>\u25cf Le Pic du Midi de Bigorre, le Sanctuaire de Lourdes<\/small><br \/>\n<small> \u25cf L&rsquo;\u00e9glise du XII\u00e8 de Vielle-Aure, la chapelle d&rsquo;Agos du XI\u00e8, la chapelle des Templiers d&rsquo;Aragnouet<\/small><br \/>\n<small> \u25cf <a href=\"http:\/\/www.alex-sports.com\/\" target=\"_blank\" rel=\"noopener\">Alex Sports<\/a> : Location de v\u00e9los, mat\u00e9riel de montagne (ski, rando, v\u00e9los, &#8230;) \u00e0 Vignec<\/small><br \/>\n<small> <\/small><small>\u25cf Tous commerces et services (m\u00e9decins,..) \u00e0 Saint-Lary (1,5 km).<\/small><\/p>\n<p><img loading=\"lazy\" class=\"alignnone wp-image-74 size-full\" title=\"Situation des gites\" src=\"http:\/\/www.gite-pyrenees-st-jacques.com\/fr\/wp-content\/uploads\/2015\/06\/accueil-bas.jpg\" alt=\"Situation des gites\" width=\"620\" height=\"94\" srcset=\"https:\/\/www.gite-pyrenees-st-jacques.com\/fr\/wp-content\/uploads\/2015\/06\/accueil-bas.jpg 620w, https:\/\/www.gite-pyrenees-st-jacques.com\/fr\/wp-content\/uploads\/2015\/06\/accueil-bas-300x45.jpg 300w\" sizes=\"(max-width: 620px) 100vw, 620px\" \/><\/p>\n","protected":false},"excerpt":{"rendered":"<p>Situation des gites ruraux ind\u00e9pendants labellis\u00e9s G\u00eetes de France dans les Hautes-Pyr\u00e9n\u00e9es pour des vacances en famille \u00e9t\u00e9 comme hiver, \u00e0 proximit\u00e9 des stations touristiques r\u00e9put\u00e9es : Saint-Lary Soulan, Peyragudes, Piau Engaly, Val Louron et des sites de grande renomm\u00e9e : le Pic du Midi et son observatoire, accessible toute l&rsquo;ann\u00e9e, les cirques de Gavarnie [&hellip;]<\/p>\n","protected":false},"author":1,"featured_media":0,"parent":0,"menu_order":6,"comment_status":"closed","ping_status":"closed","template":"","meta":[],"yoast_head":"<!-- This site is optimized with the Yoast SEO plugin v19.8 - https:\/\/yoast.com\/wordpress\/plugins\/seo\/ -->\n<title>Situation des gites \u00e0 Saint-Lary Vielle-Aure<\/title>\n<meta name=\"description\" content=\"Situation des gites Saint-Lary Vielle-Aure dans les Hautes-Pyr\u00e9n\u00e9es, G\u00eetes ruraux ind\u00e9pendants G\u00eetes de France, vacances en famille \u00e9t\u00e9 comme hiver\" \/>\n<meta name=\"robots\" content=\"index, follow, max-snippet:-1, max-image-preview:large, max-video-preview:-1\" \/>\n<link rel=\"canonical\" href=\"https:\/\/www.gite-pyrenees-st-jacques.com\/fr\/situation-des-gites\/\" \/>\n<meta property=\"og:locale\" content=\"fr_FR\" \/>\n<meta property=\"og:type\" content=\"article\" \/>\n<meta property=\"og:title\" content=\"Situation des gites \u00e0 Saint-Lary Vielle-Aure\" \/>\n<meta property=\"og:description\" content=\"Situation des gites Saint-Lary Vielle-Aure dans les Hautes-Pyr\u00e9n\u00e9es, G\u00eetes ruraux ind\u00e9pendants G\u00eetes de France, vacances en famille \u00e9t\u00e9 comme hiver\" \/>\n<meta property=\"og:url\" content=\"https:\/\/www.gite-pyrenees-st-jacques.com\/fr\/situation-des-gites\/\" \/>\n<meta property=\"og:site_name\" content=\"G\u00eetes Pyr\u00e9n\u00e9es Saint-Jacques\" \/>\n<meta property=\"article:modified_time\" content=\"2020-12-15T09:20:47+00:00\" \/>\n<meta property=\"og:image\" content=\"http:\/\/www.gite-pyrenees-st-jacques.com\/fr\/wp-content\/uploads\/2015\/06\/accueil-bas.jpg\" \/>\n<meta name=\"twitter:card\" content=\"summary_large_image\" \/>\n<meta name=\"twitter:label1\" content=\"Dur\u00e9e de lecture estim\u00e9e\" \/>\n\t<meta name=\"twitter:data1\" content=\"1 minute\" \/>\n<script type=\"application\/ld+json\" class=\"yoast-schema-graph\">{\"@context\":\"https:\/\/schema.org\",\"@graph\":[{\"@type\":\"WebPage\",\"@id\":\"https:\/\/www.gite-pyrenees-st-jacques.com\/fr\/situation-des-gites\/\",\"url\":\"https:\/\/www.gite-pyrenees-st-jacques.com\/fr\/situation-des-gites\/\",\"name\":\"Situation des gites \u00e0 Saint-Lary Vielle-Aure\",\"isPartOf\":{\"@id\":\"https:\/\/www.gite-pyrenees-st-jacques.com\/fr\/#website\"},\"datePublished\":\"2015-06-03T13:01:57+00:00\",\"dateModified\":\"2020-12-15T09:20:47+00:00\",\"description\":\"Situation des gites Saint-Lary Vielle-Aure dans les Hautes-Pyr\u00e9n\u00e9es, G\u00eetes ruraux ind\u00e9pendants G\u00eetes de France, vacances en famille \u00e9t\u00e9 comme hiver\",\"breadcrumb\":{\"@id\":\"https:\/\/www.gite-pyrenees-st-jacques.com\/fr\/situation-des-gites\/#breadcrumb\"},\"inLanguage\":\"fr-FR\",\"potentialAction\":[{\"@type\":\"ReadAction\",\"target\":[\"https:\/\/www.gite-pyrenees-st-jacques.com\/fr\/situation-des-gites\/\"]}]},{\"@type\":\"BreadcrumbList\",\"@id\":\"https:\/\/www.gite-pyrenees-st-jacques.com\/fr\/situation-des-gites\/#breadcrumb\",\"itemListElement\":[{\"@type\":\"ListItem\",\"position\":1,\"name\":\"Accueil\",\"item\":\"https:\/\/www.gite-pyrenees-st-jacques.com\/fr\/\"},{\"@type\":\"ListItem\",\"position\":2,\"name\":\"Situation des gites \u00e0 Vielle-Aure\"}]},{\"@type\":\"WebSite\",\"@id\":\"https:\/\/www.gite-pyrenees-st-jacques.com\/fr\/#website\",\"url\":\"https:\/\/www.gite-pyrenees-st-jacques.com\/fr\/\",\"name\":\"G\u00eetes Pyr\u00e9n\u00e9es Saint-Jacques\",\"description\":\"\",\"potentialAction\":[{\"@type\":\"SearchAction\",\"target\":{\"@type\":\"EntryPoint\",\"urlTemplate\":\"https:\/\/www.gite-pyrenees-st-jacques.com\/fr\/?s={search_term_string}\"},\"query-input\":\"required name=search_term_string\"}],\"inLanguage\":\"fr-FR\"}]}<\/script>\n<!-- \/ Yoast SEO plugin. -->","yoast_head_json":{"title":"Situation des gites \u00e0 Saint-Lary Vielle-Aure","description":"Situation des gites Saint-Lary Vielle-Aure dans les Hautes-Pyr\u00e9n\u00e9es, G\u00eetes ruraux ind\u00e9pendants G\u00eetes de France, vacances en famille \u00e9t\u00e9 comme hiver","robots":{"index":"index","follow":"follow","max-snippet":"max-snippet:-1","max-image-preview":"max-image-preview:large","max-video-preview":"max-video-preview:-1"},"canonical":"https:\/\/www.gite-pyrenees-st-jacques.com\/fr\/situation-des-gites\/","og_locale":"fr_FR","og_type":"article","og_title":"Situation des gites \u00e0 Saint-Lary Vielle-Aure","og_description":"Situation des gites Saint-Lary Vielle-Aure dans les Hautes-Pyr\u00e9n\u00e9es, G\u00eetes ruraux ind\u00e9pendants G\u00eetes de France, vacances en famille \u00e9t\u00e9 comme hiver","og_url":"https:\/\/www.gite-pyrenees-st-jacques.com\/fr\/situation-des-gites\/","og_site_name":"G\u00eetes Pyr\u00e9n\u00e9es Saint-Jacques","article_modified_time":"2020-12-15T09:20:47+00:00","og_image":[{"url":"http:\/\/www.gite-pyrenees-st-jacques.com\/fr\/wp-content\/uploads\/2015\/06\/accueil-bas.jpg"}],"twitter_card":"summary_large_image","twitter_misc":{"Dur\u00e9e de lecture estim\u00e9e":"1 minute"},"schema":{"@context":"https:\/\/schema.org","@graph":[{"@type":"WebPage","@id":"https:\/\/www.gite-pyrenees-st-jacques.com\/fr\/situation-des-gites\/","url":"https:\/\/www.gite-pyrenees-st-jacques.com\/fr\/situation-des-gites\/","name":"Situation des gites \u00e0 Saint-Lary Vielle-Aure","isPartOf":{"@id":"https:\/\/www.gite-pyrenees-st-jacques.com\/fr\/#website"},"datePublished":"2015-06-03T13:01:57+00:00","dateModified":"2020-12-15T09:20:47+00:00","description":"Situation des gites Saint-Lary Vielle-Aure dans les Hautes-Pyr\u00e9n\u00e9es, G\u00eetes ruraux ind\u00e9pendants G\u00eetes de France, vacances en famille \u00e9t\u00e9 comme hiver","breadcrumb":{"@id":"https:\/\/www.gite-pyrenees-st-jacques.com\/fr\/situation-des-gites\/#breadcrumb"},"inLanguage":"fr-FR","potentialAction":[{"@type":"ReadAction","target":["https:\/\/www.gite-pyrenees-st-jacques.com\/fr\/situation-des-gites\/"]}]},{"@type":"BreadcrumbList","@id":"https:\/\/www.gite-pyrenees-st-jacques.com\/fr\/situation-des-gites\/#breadcrumb","itemListElement":[{"@type":"ListItem","position":1,"name":"Accueil","item":"https:\/\/www.gite-pyrenees-st-jacques.com\/fr\/"},{"@type":"ListItem","position":2,"name":"Situation des gites \u00e0 Vielle-Aure"}]},{"@type":"WebSite","@id":"https:\/\/www.gite-pyrenees-st-jacques.com\/fr\/#website","url":"https:\/\/www.gite-pyrenees-st-jacques.com\/fr\/","name":"G\u00eetes Pyr\u00e9n\u00e9es Saint-Jacques","description":"","potentialAction":[{"@type":"SearchAction","target":{"@type":"EntryPoint","urlTemplate":"https:\/\/www.gite-pyrenees-st-jacques.com\/fr\/?s={search_term_string}"},"query-input":"required name=search_term_string"}],"inLanguage":"fr-FR"}]}},"_links":{"self":[{"href":"https:\/\/www.gite-pyrenees-st-jacques.com\/fr\/wp-json\/wp\/v2\/pages\/15"}],"collection":[{"href":"https:\/\/www.gite-pyrenees-st-jacques.com\/fr\/wp-json\/wp\/v2\/pages"}],"about":[{"href":"https:\/\/www.gite-pyrenees-st-jacques.com\/fr\/wp-json\/wp\/v2\/types\/page"}],"author":[{"embeddable":true,"href":"https:\/\/www.gite-pyrenees-st-jacques.com\/fr\/wp-json\/wp\/v2\/users\/1"}],"replies":[{"embeddable":true,"href":"https:\/\/www.gite-pyrenees-st-jacques.com\/fr\/wp-json\/wp\/v2\/comments?post=15"}],"version-history":[{"count":19,"href":"https:\/\/www.gite-pyrenees-st-jacques.com\/fr\/wp-json\/wp\/v2\/pages\/15\/revisions"}],"predecessor-version":[{"id":400,"href":"https:\/\/www.gite-pyrenees-st-jacques.com\/fr\/wp-json\/wp\/v2\/pages\/15\/revisions\/400"}],"wp:attachment":[{"href":"https:\/\/www.gite-pyrenees-st-jacques.com\/fr\/wp-json\/wp\/v2\/media?parent=15"}],"curies":[{"name":"wp","href":"https:\/\/api.w.org\/{rel}","templated":true}]}}