{"id":380,"date":"2020-07-23T11:01:14","date_gmt":"2020-07-23T10:01:14","guid":{"rendered":"https:\/\/www.gite-pyrenees-st-jacques.com\/fr\/?page_id=380"},"modified":"2020-12-15T10:33:25","modified_gmt":"2020-12-15T09:33:25","slug":"contact-gite-oredon","status":"publish","type":"page","link":"https:\/\/www.gite-pyrenees-st-jacques.com\/fr\/contact-gite-oredon\/","title":{"rendered":"CONTACT G\u00ceTE OR\u00c9DON"},"content":{"rendered":"\n<div role=\"form\" class=\"wpcf7\" id=\"wpcf7-f382-o1\" lang=\"fr-FR\" dir=\"ltr\">\n<div class=\"screen-reader-response\"><p role=\"status\" aria-live=\"polite\" aria-atomic=\"true\"><\/p> <ul><\/ul><\/div>\n<form action=\"\/fr\/wp-json\/wp\/v2\/pages\/380#wpcf7-f382-o1\" method=\"post\" class=\"wpcf7-form init\" novalidate=\"novalidate\" data-status=\"init\">\n<div style=\"display: none;\">\n<input type=\"hidden\" name=\"_wpcf7\" value=\"382\" \/>\n<input type=\"hidden\" name=\"_wpcf7_version\" value=\"5.6.3\" \/>\n<input type=\"hidden\" name=\"_wpcf7_locale\" value=\"fr_FR\" \/>\n<input type=\"hidden\" name=\"_wpcf7_unit_tag\" value=\"wpcf7-f382-o1\" \/>\n<input type=\"hidden\" name=\"_wpcf7_container_post\" value=\"0\" \/>\n<input type=\"hidden\" name=\"_wpcf7_posted_data_hash\" value=\"\" \/>\n<\/div>\n<p><label> Votre nom (obligatoire)<br \/>\n    <span class=\"wpcf7-form-control-wrap\" data-name=\"your-name\"><input type=\"text\" name=\"your-name\" value=\"\" size=\"40\" class=\"wpcf7-form-control wpcf7-text wpcf7-validates-as-required\" aria-required=\"true\" aria-invalid=\"false\" \/><\/span> <\/label><\/p>\n<p><label> Votre adresse de messagerie (obligatoire)<br \/>\n    <span class=\"wpcf7-form-control-wrap\" data-name=\"your-email\"><input type=\"email\" name=\"your-email\" value=\"\" size=\"40\" class=\"wpcf7-form-control wpcf7-text wpcf7-email wpcf7-validates-as-required wpcf7-validates-as-email\" aria-required=\"true\" aria-invalid=\"false\" \/><\/span> <\/label><\/p>\n<p><label> Objet (obligatoire)<br \/>\n    <span class=\"wpcf7-form-control-wrap\" data-name=\"your-subject\"><input type=\"text\" name=\"your-subject\" value=\"\" size=\"40\" class=\"wpcf7-form-control wpcf7-text wpcf7-validates-as-required\" aria-required=\"true\" aria-invalid=\"false\" \/><\/span> <\/label><\/p>\n<p><label> Votre message  (obligatoire)<br \/>\n    <span class=\"wpcf7-form-control-wrap\" data-name=\"your-message\"><textarea name=\"your-message\" cols=\"40\" rows=\"10\" class=\"wpcf7-form-control wpcf7-textarea\" aria-invalid=\"false\"><\/textarea><\/span> <\/label><\/p>\n<p><span class=\"wpcf7-form-control-wrap\" data-name=\"quiz-336\"><label><span class=\"wpcf7-quiz-label\">La capitale d&#039;Espagne ?<\/span> <input type=\"text\" name=\"quiz-336\" size=\"40\" class=\"wpcf7-form-control wpcf7-quiz\" autocomplete=\"off\" aria-required=\"true\" aria-invalid=\"false\" \/><\/label><input type=\"hidden\" name=\"_wpcf7_quiz_answer_quiz-336\" value=\"d3d9d016d9ffeaaad281e0f0109e268b\" \/><\/span><\/p>\n<p><input type=\"submit\" value=\"Envoyer\" class=\"wpcf7-form-control has-spinner wpcf7-submit\" \/><\/p>\n<div class=\"wpcf7-response-output\" aria-hidden=\"true\"><\/div><\/form><\/div>\n\n\n\n<hr class=\"wp-block-separator is-style-wide\"\/>\n\n\n<div class='' id='bmp_gteordon_' style='position: relative; width:100%; height:400px'>\r\n                                            <img id='bmp_map_fullscreen_icon__2_' onclick='bmp_toggleFullScreen(\"bmp_gteordon_\")' class='bmp_map_fullscreen_icon_class' style='display: none' src='https:\/\/www.gite-pyrenees-st-jacques.com\/fr\/wp-content\/plugins\/api-bing-map-2018\/images\/icons\/bmp-map-full-screen.png'>\r\n                                          <\/div>\r\n                                        <script type='text\/javascript' src='https:\/\/www.bing.com\/api\/maps\/mapcontrol?key=AvWMjJXzLJw1DLRmi7OpdejXjesjP0TPpJh76lqBruH-UK6nav4Uy2-7FPOOVAiT' async defer ><\/script>\r\n                                        <script type='text\/javascript'> \r\n                                            var bmp_icon_src    = 'https:\/\/www.gite-pyrenees-st-jacques.com\/fr\/wp-content\/plugins\/api-bing-map-2018\/'; \r\n                                            var bmpPinSizes     = JSON.parse('{\"bmp_pin_desktop_width\":250,\"bmp_pin_desktop_height\":170,\"bmp_pin_tablet_width\":210,\"bmp_pin_tablet_height\":130,\"bmp_pin_mobile_width\":140,\"bmp_pin_mobile_height\":100}');  \r\n                                            var bmpFullscreenIconSrc2 = 'https:\/\/www.gite-pyrenees-st-jacques.com\/fr\/wp-content\/plugins\/api-bing-map-2018\/images\/icons\/bmp-map-full-screen2.png';  \r\n                                            var bmpFullscreenIconSrc = 'https:\/\/www.gite-pyrenees-st-jacques.com\/fr\/wp-content\/plugins\/api-bing-map-2018\/images\/icons\/bmp-map-full-screen.png';                                        \r\n                                    \r\n                                            window.addEventListener('load', function(){    \r\n                                                let bmp_map_id__2_        = document.getElementById('bmp_gteordon_'); \r\n                                                let bmp_map__2_           = JSON.parse( JSON.stringify( {\"id\":\"2\",\"map_title\":\"G\\u00eete Or\\u00e9don\",\"map_start_lat\":\"42.87908229710238\",\"map_start_long\":\"0.3619444852649245\",\"map_type\":\"0\",\"map_zoom\":\"10\",\"compact_nav\":\"0\",\"disable_mousewheel\":\"0\",\"disable_zoom\":\"0\",\"map_shortcode\":\"gteordon\",\"map_width\":\"100\",\"map_height\":\"400\",\"map_width_type\":\"%\",\"map_height_type\":\"px\",\"html_class\":\"\",\"styling_enabled\":\"0\",\"toggle_fullscreen\":\"0\",\"lock_zoom\":\"0\",\"cluster\":\"-1\"} ) );   \r\n                                                let bmp_map_all_pins__2_  = JSON.parse( JSON.stringify( [{\"pin_id\":\"2\",\"map_id\":\"2\",\"pin_active\":\"1\",\"pin_lat\":\"42.830646\",\"pin_long\":\"0.325364\",\"icon\":\"9\",\"icon_link\":\"\",\"pin_title\":\"G\\u00eete Or\\u00e9don\",\"pin_desc\":\"13 rue de l\\\\'\\u00e9glise, 65170 Vielle-Aurebmp_nlT\\u00e9l : 05 62 40 52 68 ou 06 89 96 50 60bmp_nlnmichel.martin@wanadoo.fr\",\"data_json\":\"\",\"pin_image_one\":\"simple\",\"pin_image_two\":\"simple\"}] ) );  \r\n                                                let bmp_infobox__2_       = null;   \r\n                                                let bmp_map_shapes__2_    = JSON.parse( JSON.stringify( [] ));  \r\n                                                let bmp_extra_params_ = JSON.parse('[]');                                                \r\n                                                 \r\n                                                bmp_loadMapScenario( bmp_map_id__2_, \r\n                                                                    bmp_map_all_pins__2_, \r\n                                                                    bmp_map__2_, \r\n                                                                    bmp_infobox__2_, \r\n                                                                    bmp_map_shapes__2_,\r\n                                                                    bmp_extra_params_ );                                                                                                                                           \r\n                                            });\r\n\r\n                                           \/\/ function bmp_toggle_map_fullscreen_( bmp_map_fullscreen_icon__2_, bmp_gteordon_ ){\r\n                                                var bmp_map_fullscreen__2_ = document.getElementById('bmp_map_fullscreen_icon__2_');\r\n                                                \r\n                                                bmp_map_fullscreen__2_.addEventListener('click', function(){\r\n                                                    var bmp_map_object  = document.querySelector('#bmp_gteordon_ .MicrosoftMap');\r\n                                                    var bmp_map_object_class = bmp_map_object.className;\r\n                                                    if( bmp_map_object_class.includes('bmp-admin-map-full-sceen') ){\r\n                                                        bmp_map_object_class = bmp_map_object_class.replace(\/bmp-admin-map-full-sceen\/g,''); \r\n                                                        bmp_map_object.className = bmp_map_object_class;\r\n                                                        this.className = this.className.replace(\/bmp_map_fullsreen_top\/g, '');\r\n                                                    }else{\r\n                                                        bmp_map_object.className = bmp_map_object_class + ' ' +  'bmp-admin-map-full-sceen';\r\n                                                        this.className = this.className + ' ' + 'bmp_map_fullsreen_top';\r\n                                                    }\r\n                                                });\r\n                                        \/\/    }\r\n                                                                                    \r\n                                        <\/script>\r\n                                        \n\n\n\n<hr class=\"wp-block-separator is-style-wide\"\/>\n\n\n\n<p class=\"has-text-align-center\">13 rue de l&rsquo;\u00e9glise<br>65170 Vielle-Aure<br>T\u00e9l : 05 62 40 52 68 ou 06 89 96 50 60<br><a href=\"mailto:nmichel.martin@wanadoo.fr\">nmichel.martin@wanadoo.fr<\/a><\/p>\n","protected":false},"excerpt":{"rendered":"<p>13 rue de l&rsquo;\u00e9glise65170 Vielle-AureT\u00e9l : 05 62 40 52 68 ou 06 89 96 50 60nmichel.martin@wanadoo.fr<\/p>\n","protected":false},"author":1,"featured_media":0,"parent":0,"menu_order":0,"comment_status":"closed","ping_status":"closed","template":"","meta":[],"yoast_head":"<!-- This site is optimized with the Yoast SEO plugin v19.8 - https:\/\/yoast.com\/wordpress\/plugins\/seo\/ -->\n<title>CONTACT G\u00ceTE OR\u00c9DON - G\u00eetes Pyr\u00e9n\u00e9es Saint-Jacques<\/title>\n<meta name=\"robots\" content=\"index, follow, max-snippet:-1, max-image-preview:large, max-video-preview:-1\" \/>\n<link rel=\"canonical\" href=\"https:\/\/www.gite-pyrenees-st-jacques.com\/fr\/contact-gite-oredon\/\" \/>\n<meta property=\"og:locale\" content=\"fr_FR\" \/>\n<meta property=\"og:type\" content=\"article\" \/>\n<meta property=\"og:title\" content=\"CONTACT G\u00ceTE OR\u00c9DON - G\u00eetes Pyr\u00e9n\u00e9es Saint-Jacques\" \/>\n<meta property=\"og:description\" content=\"13 rue de l&rsquo;\u00e9glise65170 Vielle-AureT\u00e9l : 05 62 40 52 68 ou 06 89 96 50 60nmichel.martin@wanadoo.fr\" \/>\n<meta property=\"og:url\" content=\"https:\/\/www.gite-pyrenees-st-jacques.com\/fr\/contact-gite-oredon\/\" \/>\n<meta property=\"og:site_name\" content=\"G\u00eetes Pyr\u00e9n\u00e9es Saint-Jacques\" \/>\n<meta property=\"article:modified_time\" content=\"2020-12-15T09:33:25+00:00\" \/>\n<meta name=\"twitter:card\" content=\"summary_large_image\" \/>\n<script type=\"application\/ld+json\" class=\"yoast-schema-graph\">{\"@context\":\"https:\/\/schema.org\",\"@graph\":[{\"@type\":\"WebPage\",\"@id\":\"https:\/\/www.gite-pyrenees-st-jacques.com\/fr\/contact-gite-oredon\/\",\"url\":\"https:\/\/www.gite-pyrenees-st-jacques.com\/fr\/contact-gite-oredon\/\",\"name\":\"CONTACT G\u00ceTE OR\u00c9DON - G\u00eetes Pyr\u00e9n\u00e9es Saint-Jacques\",\"isPartOf\":{\"@id\":\"https:\/\/www.gite-pyrenees-st-jacques.com\/fr\/#website\"},\"datePublished\":\"2020-07-23T10:01:14+00:00\",\"dateModified\":\"2020-12-15T09:33:25+00:00\",\"breadcrumb\":{\"@id\":\"https:\/\/www.gite-pyrenees-st-jacques.com\/fr\/contact-gite-oredon\/#breadcrumb\"},\"inLanguage\":\"fr-FR\",\"potentialAction\":[{\"@type\":\"ReadAction\",\"target\":[\"https:\/\/www.gite-pyrenees-st-jacques.com\/fr\/contact-gite-oredon\/\"]}]},{\"@type\":\"BreadcrumbList\",\"@id\":\"https:\/\/www.gite-pyrenees-st-jacques.com\/fr\/contact-gite-oredon\/#breadcrumb\",\"itemListElement\":[{\"@type\":\"ListItem\",\"position\":1,\"name\":\"Accueil\",\"item\":\"https:\/\/www.gite-pyrenees-st-jacques.com\/fr\/\"},{\"@type\":\"ListItem\",\"position\":2,\"name\":\"CONTACT G\u00ceTE OR\u00c9DON\"}]},{\"@type\":\"WebSite\",\"@id\":\"https:\/\/www.gite-pyrenees-st-jacques.com\/fr\/#website\",\"url\":\"https:\/\/www.gite-pyrenees-st-jacques.com\/fr\/\",\"name\":\"G\u00eetes Pyr\u00e9n\u00e9es Saint-Jacques\",\"description\":\"\",\"potentialAction\":[{\"@type\":\"SearchAction\",\"target\":{\"@type\":\"EntryPoint\",\"urlTemplate\":\"https:\/\/www.gite-pyrenees-st-jacques.com\/fr\/?s={search_term_string}\"},\"query-input\":\"required name=search_term_string\"}],\"inLanguage\":\"fr-FR\"}]}<\/script>\n<!-- \/ Yoast SEO plugin. -->","yoast_head_json":{"title":"CONTACT G\u00ceTE OR\u00c9DON - G\u00eetes Pyr\u00e9n\u00e9es Saint-Jacques","robots":{"index":"index","follow":"follow","max-snippet":"max-snippet:-1","max-image-preview":"max-image-preview:large","max-video-preview":"max-video-preview:-1"},"canonical":"https:\/\/www.gite-pyrenees-st-jacques.com\/fr\/contact-gite-oredon\/","og_locale":"fr_FR","og_type":"article","og_title":"CONTACT G\u00ceTE OR\u00c9DON - G\u00eetes Pyr\u00e9n\u00e9es Saint-Jacques","og_description":"13 rue de l&rsquo;\u00e9glise65170 Vielle-AureT\u00e9l : 05 62 40 52 68 ou 06 89 96 50 60nmichel.martin@wanadoo.fr","og_url":"https:\/\/www.gite-pyrenees-st-jacques.com\/fr\/contact-gite-oredon\/","og_site_name":"G\u00eetes Pyr\u00e9n\u00e9es Saint-Jacques","article_modified_time":"2020-12-15T09:33:25+00:00","twitter_card":"summary_large_image","schema":{"@context":"https:\/\/schema.org","@graph":[{"@type":"WebPage","@id":"https:\/\/www.gite-pyrenees-st-jacques.com\/fr\/contact-gite-oredon\/","url":"https:\/\/www.gite-pyrenees-st-jacques.com\/fr\/contact-gite-oredon\/","name":"CONTACT G\u00ceTE OR\u00c9DON - G\u00eetes Pyr\u00e9n\u00e9es Saint-Jacques","isPartOf":{"@id":"https:\/\/www.gite-pyrenees-st-jacques.com\/fr\/#website"},"datePublished":"2020-07-23T10:01:14+00:00","dateModified":"2020-12-15T09:33:25+00:00","breadcrumb":{"@id":"https:\/\/www.gite-pyrenees-st-jacques.com\/fr\/contact-gite-oredon\/#breadcrumb"},"inLanguage":"fr-FR","potentialAction":[{"@type":"ReadAction","target":["https:\/\/www.gite-pyrenees-st-jacques.com\/fr\/contact-gite-oredon\/"]}]},{"@type":"BreadcrumbList","@id":"https:\/\/www.gite-pyrenees-st-jacques.com\/fr\/contact-gite-oredon\/#breadcrumb","itemListElement":[{"@type":"ListItem","position":1,"name":"Accueil","item":"https:\/\/www.gite-pyrenees-st-jacques.com\/fr\/"},{"@type":"ListItem","position":2,"name":"CONTACT G\u00ceTE OR\u00c9DON"}]},{"@type":"WebSite","@id":"https:\/\/www.gite-pyrenees-st-jacques.com\/fr\/#website","url":"https:\/\/www.gite-pyrenees-st-jacques.com\/fr\/","name":"G\u00eetes Pyr\u00e9n\u00e9es Saint-Jacques","description":"","potentialAction":[{"@type":"SearchAction","target":{"@type":"EntryPoint","urlTemplate":"https:\/\/www.gite-pyrenees-st-jacques.com\/fr\/?s={search_term_string}"},"query-input":"required name=search_term_string"}],"inLanguage":"fr-FR"}]}},"_links":{"self":[{"href":"https:\/\/www.gite-pyrenees-st-jacques.com\/fr\/wp-json\/wp\/v2\/pages\/380"}],"collection":[{"href":"https:\/\/www.gite-pyrenees-st-jacques.com\/fr\/wp-json\/wp\/v2\/pages"}],"about":[{"href":"https:\/\/www.gite-pyrenees-st-jacques.com\/fr\/wp-json\/wp\/v2\/types\/page"}],"author":[{"embeddable":true,"href":"https:\/\/www.gite-pyrenees-st-jacques.com\/fr\/wp-json\/wp\/v2\/users\/1"}],"replies":[{"embeddable":true,"href":"https:\/\/www.gite-pyrenees-st-jacques.com\/fr\/wp-json\/wp\/v2\/comments?post=380"}],"version-history":[{"count":5,"href":"https:\/\/www.gite-pyrenees-st-jacques.com\/fr\/wp-json\/wp\/v2\/pages\/380\/revisions"}],"predecessor-version":[{"id":406,"href":"https:\/\/www.gite-pyrenees-st-jacques.com\/fr\/wp-json\/wp\/v2\/pages\/380\/revisions\/406"}],"wp:attachment":[{"href":"https:\/\/www.gite-pyrenees-st-jacques.com\/fr\/wp-json\/wp\/v2\/media?parent=380"}],"curies":[{"name":"wp","href":"https:\/\/api.w.org\/{rel}","templated":true}]}}